{"id":125782,"date":"2023-11-18T16:52:54","date_gmt":"2023-11-18T14:52:54","guid":{"rendered":"https:\/\/www.kgkirchspiel-lohn.de\/wordpress\/?page_id=125782"},"modified":"2023-11-18T17:02:23","modified_gmt":"2023-11-18T15:02:23","slug":"zeremonienmeisterin","status":"publish","type":"page","link":"https:\/\/www.kgkirchspiel-lohn.de\/wordpress\/?page_id=125782","title":{"rendered":"Zeremonienmeisterin"},"content":{"rendered":"<p align=\"left\"><a href=\"https:\/\/www.kgkirchspiel-lohn.de\/wordpress\/wp-content\/uploads\/2023\/11\/ZeremonienmeisterinRahelHennersdorf-scaled.jpg\"><img loading=\"lazy\" decoding=\"async\" class=\"aligncenter size-full wp-image-124293\" src=\"https:\/\/www.kgkirchspiel-lohn.de\/wordpress\/wp-content\/uploads\/2023\/11\/ZeremonienmeisterinRahelHennersdorf-scaled.jpg\" alt=\"\" width=\"4032\" height=\"3024\" \/><\/a><\/p>\n<p>&nbsp;<\/p>\n<p align=\"justify\"><strong>Rahel Hennersdorf\u00a0<\/strong><\/p>\n<p align=\"justify\"><a href=\"https:\/\/www.kgkirchspiel-lohn.de\/wordpress\/wp-content\/uploads\/2023\/11\/IMG20231117195142-scaled-e1700319099839.jpg\"><img loading=\"lazy\" decoding=\"async\" class=\"alignright wp-image-330\" src=\"https:\/\/www.kgkirchspiel-lohn.de\/wordpress\/wp-content\/uploads\/2023\/11\/IMG20231117195142-scaled-e1700319099839.jpg\" alt=\"rahdelhenndersdorf\" width=\"192\" height=\"226\" \/><\/a><\/p>\n<p align=\"justify\">Unsere neue Zeremonienmeisterin Rahel Hennersdorf! Rahel f\u00fchrt uns seit der Session 2022\/23 durch die S\u00e4le Eschweilers. Sie ist seit 2012 Mitglied der KG Kirchspiel Lohn 1977 e.V. und startete ihre B\u00fchnenkarriere in der Tanzgarde und bei den Lightnings. Das Taktgef\u00fchl liegt ihr im Blut. Bei den Aufm\u00e4rschen f\u00fchrt sie uns mit dem geliebten Schenk auf ihrem Zeremonienmeistrinnenstab voran, im stets richtigen Gleichschritt durch die jubelnden Mengen des Eischwiele Fastelovends. Als aktives Gr\u00fcndungsmitglied und fester Bestandteil der 5ten Garde, Vorstandsmitglied sowie Trainerin der Gardekids und Jugendgarde sind wir stolz, Rahel nun auch noch als unsere Zeremonienmeisterin pr\u00e4sentieren zu d\u00fcrfen.<\/p>\n<p align=\"justify\">Liebe Rahel, danke, dass du uns stets sicher und mit deinem strahlenden L\u00e4cheln auf die bunten B\u00fchnen Eschweilers f\u00fchrst!<\/p>\n<p align=\"justify\">\n","protected":false},"excerpt":{"rendered":"<p>&nbsp; Rahel Hennersdorf\u00a0 Unsere neue Zeremonienmeisterin Rahel Hennersdorf! Rahel f\u00fchrt uns seit der Session 2022\/23 durch die S\u00e4le Eschweilers. Sie ist seit 2012 Mitglied der KG Kirchspiel Lohn 1977 e.V. und startete ihre B\u00fchnenkarriere in der Tanzgarde und bei den Lightnings. Das Taktgef\u00fchl liegt ihr im Blut. Bei den Aufm\u00e4rschen<a href=\"https:\/\/www.kgkirchspiel-lohn.de\/wordpress\/?page_id=125782\" class=\"read-more\">Lesen Sie weiter &raquo;<\/a><\/p>\n","protected":false},"author":25,"featured_media":0,"parent":41,"menu_order":79,"comment_status":"closed","ping_status":"closed","template":"fullwidth.php","meta":{"ngg_post_thumbnail":0,"jetpack_post_was_ever_published":false,"_mc_calendar":[],"footnotes":""},"class_list":["post-125782","page","type-page","status-publish","hentry"],"jetpack_sharing_enabled":true,"jetpack_shortlink":"https:\/\/wp.me\/P3ZaX1-wIK","_links":{"self":[{"href":"https:\/\/www.kgkirchspiel-lohn.de\/wordpress\/index.php?rest_route=\/wp\/v2\/pages\/125782","targetHints":{"allow":["GET"]}}],"collection":[{"href":"https:\/\/www.kgkirchspiel-lohn.de\/wordpress\/index.php?rest_route=\/wp\/v2\/pages"}],"about":[{"href":"https:\/\/www.kgkirchspiel-lohn.de\/wordpress\/index.php?rest_route=\/wp\/v2\/types\/page"}],"author":[{"embeddable":true,"href":"https:\/\/www.kgkirchspiel-lohn.de\/wordpress\/index.php?rest_route=\/wp\/v2\/users\/25"}],"replies":[{"embeddable":true,"href":"https:\/\/www.kgkirchspiel-lohn.de\/wordpress\/index.php?rest_route=%2Fwp%2Fv2%2Fcomments&post=125782"}],"version-history":[{"count":6,"href":"https:\/\/www.kgkirchspiel-lohn.de\/wordpress\/index.php?rest_route=\/wp\/v2\/pages\/125782\/revisions"}],"predecessor-version":[{"id":125793,"href":"https:\/\/www.kgkirchspiel-lohn.de\/wordpress\/index.php?rest_route=\/wp\/v2\/pages\/125782\/revisions\/125793"}],"up":[{"embeddable":true,"href":"https:\/\/www.kgkirchspiel-lohn.de\/wordpress\/index.php?rest_route=\/wp\/v2\/pages\/41"}],"wp:attachment":[{"href":"https:\/\/www.kgkirchspiel-lohn.de\/wordpress\/index.php?rest_route=%2Fwp%2Fv2%2Fmedia&parent=125782"}],"curies":[{"name":"wp","href":"https:\/\/api.w.org\/{rel}","templated":true}]}}