{"id":39,"date":"2013-10-07T12:40:05","date_gmt":"2013-10-07T10:40:05","guid":{"rendered":"http:\/\/www.kgkirchspiel-lohn.de\/wordpress\/?page_id=39"},"modified":"2024-11-14T22:23:13","modified_gmt":"2024-11-14T20:23:13","slug":"elferrat","status":"publish","type":"page","link":"https:\/\/www.kgkirchspiel-lohn.de\/wordpress\/?page_id=39","title":{"rendered":"Elferrat"},"content":{"rendered":"<p style=\"text-align: left;\" align=\"center\">Der Herren Elferrat setzt sich derzeitig aus den folgenden Herren zusammen:<\/p>\n<ul>\n<li style=\"list-style-type: none;\">\n<ul>\n<li>Frank L\u00fcrken,<\/li>\n<li>Michael Krahe,<\/li>\n<li>Volker Hommelsheim,<\/li>\n<li>Till Wintz,<\/li>\n<li>Jonas Wintz,<\/li>\n<li>G\u00fcnter Pesch (<em>Pr\u00e4sident)<\/em>,<\/li>\n<li>Rainer Hoven,<\/li>\n<li>Stephan Schwarz,<\/li>\n<li>Michael Graf,<\/li>\n<li>Tim Gro\u00dfmann,<\/li>\n<li>Thomas Hohl,<\/li>\n<li>Thomas Braun<\/li>\n<li>Philipp R\u00fcttgers<\/li>\n<li>J\u00fcrgen Meurer<\/li>\n<li>Ralf Mitzlaff und<\/li>\n<li>Volker Schreck<\/li>\n<\/ul>\n<\/li>\n<\/ul>\nngg_shortcode_0_placeholder\n","protected":false},"excerpt":{"rendered":"<p>Der Herren Elferrat setzt sich derzeitig aus den folgenden Herren zusammen: Frank L\u00fcrken, Michael Krahe, Volker Hommelsheim, Till Wintz, Jonas Wintz, G\u00fcnter Pesch (Pr\u00e4sident), Rainer Hoven, Stephan Schwarz, Michael Graf, Tim Gro\u00dfmann, Thomas Hohl, Thomas Braun Philipp R\u00fcttgers J\u00fcrgen Meurer Ralf Mitzlaff und Volker Schreck<\/p>\n","protected":false},"author":1,"featured_media":0,"parent":0,"menu_order":0,"comment_status":"closed","ping_status":"closed","template":"fullwidth.php","meta":{"ngg_post_thumbnail":0,"jetpack_post_was_ever_published":false,"_mc_calendar":[],"footnotes":""},"class_list":["post-39","page","type-page","status-publish","hentry"],"jetpack_sharing_enabled":true,"jetpack_shortlink":"https:\/\/wp.me\/P3ZaX1-D","_links":{"self":[{"href":"https:\/\/www.kgkirchspiel-lohn.de\/wordpress\/index.php?rest_route=\/wp\/v2\/pages\/39","targetHints":{"allow":["GET"]}}],"collection":[{"href":"https:\/\/www.kgkirchspiel-lohn.de\/wordpress\/index.php?rest_route=\/wp\/v2\/pages"}],"about":[{"href":"https:\/\/www.kgkirchspiel-lohn.de\/wordpress\/index.php?rest_route=\/wp\/v2\/types\/page"}],"author":[{"embeddable":true,"href":"https:\/\/www.kgkirchspiel-lohn.de\/wordpress\/index.php?rest_route=\/wp\/v2\/users\/1"}],"replies":[{"embeddable":true,"href":"https:\/\/www.kgkirchspiel-lohn.de\/wordpress\/index.php?rest_route=%2Fwp%2Fv2%2Fcomments&post=39"}],"version-history":[{"count":46,"href":"https:\/\/www.kgkirchspiel-lohn.de\/wordpress\/index.php?rest_route=\/wp\/v2\/pages\/39\/revisions"}],"predecessor-version":[{"id":126185,"href":"https:\/\/www.kgkirchspiel-lohn.de\/wordpress\/index.php?rest_route=\/wp\/v2\/pages\/39\/revisions\/126185"}],"wp:attachment":[{"href":"https:\/\/www.kgkirchspiel-lohn.de\/wordpress\/index.php?rest_route=%2Fwp%2Fv2%2Fmedia&parent=39"}],"curies":[{"name":"wp","href":"https:\/\/api.w.org\/{rel}","templated":true}]}}