{"id":44,"date":"2013-10-07T12:44:02","date_gmt":"2013-10-07T10:44:02","guid":{"rendered":"http:\/\/www.kgkirchspiel-lohn.de\/wordpress\/?page_id=44"},"modified":"2019-03-12T13:14:13","modified_gmt":"2019-03-12T11:14:13","slug":"gardestroepp","status":"publish","type":"page","link":"https:\/\/www.kgkirchspiel-lohn.de\/wordpress\/?page_id=44","title":{"rendered":"Gardestr\u00f6pp"},"content":{"rendered":"<p style=\"text-align: left;\" align=\"center\">Die Wurzeln jedes und nat\u00fcrlich auch unseres Vereins werden in fr\u00fcher Kindheit gesetzt und man kann davon ausgehen, dass die Kleinen einen riesen Spa\u00df beim Einstudieren ihres Gardetanzes haben. Die j\u00fcngsten Uniformierten unseres Vereins nennen wir liebevoll Gardestr\u00f6pp.<\/p>\nngg_shortcode_0_placeholder\n<p align=\"justify\">&nbsp;<\/p>\n<p align=\"justify\"><b>Die akt<b>uelle Gardestr\u00f6pp Besetzung (Session 2018\/2019) ist wie folgt:<\/b><\/b><\/p>\n<ul>\n<li>Lina-Marie Braun<\/li>\n<li>Luisa Braun<\/li>\n<li>Mara Braun<\/li>\n<li>Carla Brenner<\/li>\n<li>Marie Hamm<\/li>\n<li>Anna Horst<\/li>\n<li>Sophia Klaus<\/li>\n<li>Mia Kleiner<\/li>\n<li>Alina Kloppmann<\/li>\n<li>Hanna Lamm<\/li>\n<li>Aliya Neumann<\/li>\n<li>Sarina Neumann<\/li>\n<li>Marie Rams<\/li>\n<li>Mia Redlich<\/li>\n<li>Nielle Schreck<\/li>\n<li>Charlotte Va\u00dfen<\/li>\n<li>Theresa Watzlaweck und<\/li>\n<li>Lya Wenge<\/li>\n<\/ul>\n<p>Trainiert wird diese Gruppe immer Dienstags von 17:30 Uhr &#8211; 18:15 in unserem Vereinsheim von den Trainerinnen Nicole M\u00fcnstermann und Natalie Gilles.<\/p>\n","protected":false},"excerpt":{"rendered":"<p>Die Wurzeln jedes und nat\u00fcrlich auch unseres Vereins werden in fr\u00fcher Kindheit gesetzt und man kann davon ausgehen, dass die Kleinen einen riesen Spa\u00df beim Einstudieren ihres Gardetanzes haben. Die j\u00fcngsten Uniformierten unseres Vereins nennen wir liebevoll Gardestr\u00f6pp. &#8220; order_by=&#8220;sortorder&#8220; order_direction=&#8220;ASC&#8220; returns=&#8220;included&#8220; maximum_entity_count=&#8220;500&#8243;] &nbsp; Die aktuelle Gardestr\u00f6pp Besetzung (Session 2018\/2019)<a href=\"https:\/\/www.kgkirchspiel-lohn.de\/wordpress\/?page_id=44\" class=\"read-more\">Lesen Sie weiter &raquo;<\/a><\/p>\n","protected":false},"author":1,"featured_media":0,"parent":41,"menu_order":200,"comment_status":"closed","ping_status":"closed","template":"fullwidth.php","meta":{"ngg_post_thumbnail":0,"jetpack_post_was_ever_published":false,"_mc_calendar":[],"footnotes":""},"class_list":["post-44","page","type-page","status-publish","hentry"],"jetpack_sharing_enabled":true,"jetpack_shortlink":"https:\/\/wp.me\/P3ZaX1-I","_links":{"self":[{"href":"https:\/\/www.kgkirchspiel-lohn.de\/wordpress\/index.php?rest_route=\/wp\/v2\/pages\/44","targetHints":{"allow":["GET"]}}],"collection":[{"href":"https:\/\/www.kgkirchspiel-lohn.de\/wordpress\/index.php?rest_route=\/wp\/v2\/pages"}],"about":[{"href":"https:\/\/www.kgkirchspiel-lohn.de\/wordpress\/index.php?rest_route=\/wp\/v2\/types\/page"}],"author":[{"embeddable":true,"href":"https:\/\/www.kgkirchspiel-lohn.de\/wordpress\/index.php?rest_route=\/wp\/v2\/users\/1"}],"replies":[{"embeddable":true,"href":"https:\/\/www.kgkirchspiel-lohn.de\/wordpress\/index.php?rest_route=%2Fwp%2Fv2%2Fcomments&post=44"}],"version-history":[{"count":18,"href":"https:\/\/www.kgkirchspiel-lohn.de\/wordpress\/index.php?rest_route=\/wp\/v2\/pages\/44\/revisions"}],"predecessor-version":[{"id":124301,"href":"https:\/\/www.kgkirchspiel-lohn.de\/wordpress\/index.php?rest_route=\/wp\/v2\/pages\/44\/revisions\/124301"}],"up":[{"embeddable":true,"href":"https:\/\/www.kgkirchspiel-lohn.de\/wordpress\/index.php?rest_route=\/wp\/v2\/pages\/41"}],"wp:attachment":[{"href":"https:\/\/www.kgkirchspiel-lohn.de\/wordpress\/index.php?rest_route=%2Fwp%2Fv2%2Fmedia&parent=44"}],"curies":[{"name":"wp","href":"https:\/\/api.w.org\/{rel}","templated":true}]}}