{"id":54,"date":"2013-10-07T12:50:12","date_gmt":"2013-10-07T10:50:12","guid":{"rendered":"http:\/\/www.kgkirchspiel-lohn.de\/wordpress\/?page_id=54"},"modified":"2020-01-15T11:04:32","modified_gmt":"2020-01-15T09:04:32","slug":"1-reservistenkorps","status":"publish","type":"page","link":"https:\/\/www.kgkirchspiel-lohn.de\/wordpress\/?page_id=54","title":{"rendered":"1. Reservistenkorps"},"content":{"rendered":"<p style=\"text-align: left;\" align=\"center\"><a href=\"https:\/\/www.kgkirchspiel-lohn.de\/wordpress\/wp-content\/uploads\/2013\/10\/MG_5792.jpg\"><img loading=\"lazy\" decoding=\"async\" class=\"aligncenter wp-image-2934\" src=\"https:\/\/www.kgkirchspiel-lohn.de\/wordpress\/wp-content\/uploads\/2013\/10\/MG_5792-1024x683.jpg\" alt=\"_MG_5792\" width=\"930\" height=\"620\" srcset=\"https:\/\/www.kgkirchspiel-lohn.de\/wordpress\/wp-content\/uploads\/2013\/10\/MG_5792-1024x683.jpg 1024w, https:\/\/www.kgkirchspiel-lohn.de\/wordpress\/wp-content\/uploads\/2013\/10\/MG_5792-300x200.jpg 300w, https:\/\/www.kgkirchspiel-lohn.de\/wordpress\/wp-content\/uploads\/2013\/10\/MG_5792-531x354.jpg 531w, https:\/\/www.kgkirchspiel-lohn.de\/wordpress\/wp-content\/uploads\/2013\/10\/MG_5792-900x600.jpg 900w\" sizes=\"auto, (max-width: 930px) 100vw, 930px\" \/><\/a>Das 1. Reservistenkorps der KG Kirchspiel Lohn &#8211; oder wie sie umgangssprachlich auch genannt werden \u201edie Resis\u201c ist ein derzeit zw\u00f6lf Mann starkes Korps, das seit Ihrer Gr\u00fcndung im Jahre 2005 im sch\u00f6nen Kirchspiel Lohn existiert.<\/p>\n<p style=\"text-align: left;\" align=\"center\">Am 10. Mai 2005 von elf jungen M\u00e4nnern gegr\u00fcndet, als <em><span style=\"color: #333333;\">freiwilligen Zusammenschluss trinkfreudiger Mitbewohner zur Pflege des rheinisch, karnevalistischen Brauchturms in unserem beschaulichen Dorf<\/span>,<\/em> entwickelte sich die Gruppe zu einem angesehenen und gerne gesehenen Korps im Lohner aber auch Eschweiler Karneval.<\/p>\n<p style=\"text-align: left;\" align=\"center\">Beim Wachh\u00e4uschenaufstellen der Reservisten, welches jedes Jahr am zweiten Freitag im Januar stattfindet, wurden schon einige Freundschaften mit au\u00dfw\u00e4rtigen Gruppen bzw. Korps, wie zum Beispiel der&nbsp;6. Korporalschaft der KG Narrengarde D\u00fcrwi\u00df e.V., der&nbsp;Nothberger Burgwache, der 3. Korporalschaft &#8211; KG Rote Funken-Artillerie Eschweiler e.V. und den Inde-Singers geschlossen.<\/p>\n<p style=\"text-align: left;\" align=\"center\">Seit der Session 2008 \/ 2009 pr\u00e4sentieren sich die Resis nicht nur in Garde-Uniform sondern haben mit Rainer Hoven, einen Reservisten der Gr\u00fcnderstunde, auch einen ehemaligen Pr\u00e4sidenten des KG Kirchpiel Lohn e.V. unter sich.<br \/>\nBereits seit der Session 2007 \/ 2008 bringen die Reservisten mit ihren Auftritten auf der Gala- sowie auch auf der Damensitzung das Zelt mit Darbietungen von Costa Cordalis, Village People, Nana Mouskouri oder wie in der Session 2009 \/ 2010 mit einem modernen M\u00e4nnerballet zum Beben.<\/p>\n<p style=\"text-align: left;\" align=\"center\">Seit der Session 2013\/2014 unterst\u00fctzt das 1. Reservistenkorps&nbsp;tatkr\u00e4ftig das 1. Gardekorps bei der Auff\u00fchrung des Uniformiertentanzes. Hier haben in den vergangenen Monaten schon Auftritte f\u00fcr nachhaltigen Eindruck gesorgt.<\/p>\n<p style=\"text-align: left;\" align=\"center\">Der geplante Trainingsstart f\u00fcr die jeweiligen Auftritte wurde immer auf &#8222;<em>nach dem Sommer<\/em>\u201c gelegt, was sich aber dann oft durch \u201emir hant doch noch Zick\u201c auf Anfang der Wintermonate verschob. Das bringt den Korpsf\u00fchrer Ralf Mitzlaff mittlerweile nicht mehr in Unruhe, denn durch die Einstellung \u201e<em>dat klappt schon \u2013 machen wir doch jedes Jahr so<\/em>\u201c sind in der entscheidenden Phase dann aber auch alle Resis zum Training \u201estets bereit\u201c.<\/p>\n<p style=\"text-align: left;\" align=\"center\">Den Zusammenhalt der Gruppe sieht man best\u00e4tigt, wenn man auch au\u00dferhalb der Session unterwegs ist. Dazu z\u00e4hlt auch schon mal eine Planwagenfahrt, ein Wochenende auf Norderney oder eine Schiffstour \u00fcber dem Rhein.<\/p>\n<p style=\"text-align: left;\" align=\"center\">\n<div class=\"ngg-galleryoverview ngg-slideshow\"\n\tid=\"ngg-slideshow-d05d4c6385eceebba5d260924d10df5e-20339275550\"\n\tdata-gallery-id=\"d05d4c6385eceebba5d260924d10df5e\"\n\tstyle=\"max-width: 930px;\n\t\t\tmax-height: 620px;\n\t\t\tdisplay: none;\">\n\n\t\n\t\t<a href=\"https:\/\/www.kgkirchspiel-lohn.de\/wordpress\/wp-content\/gallery\/resis\/20180606_215402.jpg\"\n\t\t\ttitle=\"Die Resis in Begleitung eines Vierten.\"\n\t\t\tdata-src=\"https:\/\/www.kgkirchspiel-lohn.de\/wordpress\/wp-content\/gallery\/resis\/20180606_215402.jpg\"\n\t\t\tdata-thumbnail=\"https:\/\/www.kgkirchspiel-lohn.de\/wordpress\/wp-content\/gallery\/resis\/thumbs\/thumbs_20180606_215402.jpg\"\n\t\t\tdata-image-id=\"2235\"\n\t\t\tdata-title=\"Geocachetour 2018\"\n\t\t\tdata-description=\"Die Resis in Begleitung eines Vierten.\"\n\t\t\tclass=\"ngg-fancybox\" rel=\"d05d4c6385eceebba5d260924d10df5e\">\n\n\t\t\t<img data-image-id='2235'\n\t\t\t\ttitle=\"Die Resis in Begleitung eines Vierten.\"\n\t\t\t\talt=\"Geocachetour 2018\"\n\t\t\t\tsrc=\"https:\/\/www.kgkirchspiel-lohn.de\/wordpress\/wp-content\/gallery\/resis\/20180606_215402.jpg\"\n\t\t\t\tstyle=\"max-height: 600px;\"\/>\n\t\t<\/a>\n\n\t\t\n\t\t<a href=\"https:\/\/www.kgkirchspiel-lohn.de\/wordpress\/wp-content\/gallery\/resis\/20141202_211418-2.jpg\"\n\t\t\ttitle=\"\"\n\t\t\tdata-src=\"https:\/\/www.kgkirchspiel-lohn.de\/wordpress\/wp-content\/gallery\/resis\/20141202_211418-2.jpg\"\n\t\t\tdata-thumbnail=\"https:\/\/www.kgkirchspiel-lohn.de\/wordpress\/wp-content\/gallery\/resis\/thumbs\/thumbs_20141202_211418-2.jpg\"\n\t\t\tdata-image-id=\"680\"\n\t\t\tdata-title=\"Mettigelessen 2014\"\n\t\t\tdata-description=\"\"\n\t\t\tclass=\"ngg-fancybox\" rel=\"d05d4c6385eceebba5d260924d10df5e\">\n\n\t\t\t<img data-image-id='680'\n\t\t\t\ttitle=\"\"\n\t\t\t\talt=\"Mettigelessen 2014\"\n\t\t\t\tsrc=\"https:\/\/www.kgkirchspiel-lohn.de\/wordpress\/wp-content\/gallery\/resis\/20141202_211418-2.jpg\"\n\t\t\t\tstyle=\"max-height: 600px;\"\/>\n\t\t<\/a>\n\n\t\t\n\t\t<a href=\"https:\/\/www.kgkirchspiel-lohn.de\/wordpress\/wp-content\/gallery\/resis\/Resis-Tour2014-Gruppenfoto-1.jpg\"\n\t\t\ttitle=\"\"\n\t\t\tdata-src=\"https:\/\/www.kgkirchspiel-lohn.de\/wordpress\/wp-content\/gallery\/resis\/Resis-Tour2014-Gruppenfoto-1.jpg\"\n\t\t\tdata-thumbnail=\"https:\/\/www.kgkirchspiel-lohn.de\/wordpress\/wp-content\/gallery\/resis\/thumbs\/thumbs_Resis-Tour2014-Gruppenfoto-1.jpg\"\n\t\t\tdata-image-id=\"681\"\n\t\t\tdata-title=\"Resis-Tour 2014\"\n\t\t\tdata-description=\"\"\n\t\t\tclass=\"ngg-fancybox\" rel=\"d05d4c6385eceebba5d260924d10df5e\">\n\n\t\t\t<img data-image-id='681'\n\t\t\t\ttitle=\"\"\n\t\t\t\talt=\"Resis-Tour 2014\"\n\t\t\t\tsrc=\"https:\/\/www.kgkirchspiel-lohn.de\/wordpress\/wp-content\/gallery\/resis\/Resis-Tour2014-Gruppenfoto-1.jpg\"\n\t\t\t\tstyle=\"max-height: 600px;\"\/>\n\t\t<\/a>\n\n\t\t\n\t\t<a href=\"https:\/\/www.kgkirchspiel-lohn.de\/wordpress\/wp-content\/gallery\/resis\/Rosenmontag-2014.jpg\"\n\t\t\ttitle=\"\"\n\t\t\tdata-src=\"https:\/\/www.kgkirchspiel-lohn.de\/wordpress\/wp-content\/gallery\/resis\/Rosenmontag-2014.jpg\"\n\t\t\tdata-thumbnail=\"https:\/\/www.kgkirchspiel-lohn.de\/wordpress\/wp-content\/gallery\/resis\/thumbs\/thumbs_Rosenmontag-2014.jpg\"\n\t\t\tdata-image-id=\"683\"\n\t\t\tdata-title=\"Rosenmontag 2014\"\n\t\t\tdata-description=\"\"\n\t\t\tclass=\"ngg-fancybox\" rel=\"d05d4c6385eceebba5d260924d10df5e\">\n\n\t\t\t<img data-image-id='683'\n\t\t\t\ttitle=\"\"\n\t\t\t\talt=\"Rosenmontag 2014\"\n\t\t\t\tsrc=\"https:\/\/www.kgkirchspiel-lohn.de\/wordpress\/wp-content\/gallery\/resis\/Rosenmontag-2014.jpg\"\n\t\t\t\tstyle=\"max-height: 600px;\"\/>\n\t\t<\/a>\n\n\t\t\n\t\t<a href=\"https:\/\/www.kgkirchspiel-lohn.de\/wordpress\/wp-content\/gallery\/resis\/2013-09-03-Planwagenfahrt-2.jpg\"\n\t\t\ttitle=\"\"\n\t\t\tdata-src=\"https:\/\/www.kgkirchspiel-lohn.de\/wordpress\/wp-content\/gallery\/resis\/2013-09-03-Planwagenfahrt-2.jpg\"\n\t\t\tdata-thumbnail=\"https:\/\/www.kgkirchspiel-lohn.de\/wordpress\/wp-content\/gallery\/resis\/thumbs\/thumbs_2013-09-03-Planwagenfahrt-2.jpg\"\n\t\t\tdata-image-id=\"682\"\n\t\t\tdata-title=\"Resi Planwagenfahrt 2013\"\n\t\t\tdata-description=\"\"\n\t\t\tclass=\"ngg-fancybox\" rel=\"d05d4c6385eceebba5d260924d10df5e\">\n\n\t\t\t<img data-image-id='682'\n\t\t\t\ttitle=\"\"\n\t\t\t\talt=\"Resi Planwagenfahrt 2013\"\n\t\t\t\tsrc=\"https:\/\/www.kgkirchspiel-lohn.de\/wordpress\/wp-content\/gallery\/resis\/2013-09-03-Planwagenfahrt-2.jpg\"\n\t\t\t\tstyle=\"max-height: 600px;\"\/>\n\t\t<\/a>\n\n\t\t<\/div>\n\n\n<\/p>\n<p style=\"text-align: left;\" align=\"center\">Die Resis gibts auch auf CD und als MP3, denn die Resis waren auch schon mal im Tonstudio und haben einige Songs zum Besten gegeben. Die Single &#8222;Das Reh&#8220; hat es u.a auf dem &#8222;Top Apr\u00e8s Power Hits 2012&#8220; und dem &#8222;Apres Apres &#8211; Schnee Ol\u00e9 die Winterhits 2013&#8220; geschafft. Seid Ihr neugierig geworden oder wollt euch den Titel anh\u00f6ren? &#8218;Das Reh&#8216; ist als <a title=\"Amazon MP3 Download\" href=\"http:\/\/www.amazon.de\/Das-Reh-Apres-Ski-Mix\/dp\/B007DL6Y1I\/ref=sr_1_2?ie=UTF8&amp;qid=1383737656&amp;sr=8-2&amp;keywords=top+apr%C3%A8s+power+hits+2012\" target=\"_blank\" rel=\"noopener noreferrer\">MP3 Download auf Amazon<\/a> und nat\u00fcrlich auch auf <a title=\"iTunes MP3 Download\" href=\"https:\/\/itunes.apple.com\/de\/album\/__\/id492912634\" target=\"_blank\" rel=\"noopener noreferrer\">iTunes als MP3<\/a> verf\u00fcgbar.<\/p>\n<p>In der Vorweihnachtszeit macht sich der gesamte Tross auch schon mal zur&nbsp; Weihnachtsfeier in die nahe gelegene Karnevalshochburg K\u00f6ln auf, um bei einem lecker K\u00f6lsch das Jahr ausklingen zu lassen und die kommende Session einzuleiten.<\/p>\n<p style=\"text-align: left;\" align=\"left\"><strong>Die aktuelle aktive Reservisten Besatzung <\/strong>(in alphabetischer Reihenfolge)<strong>:<\/strong><\/p>\n<ul>\n<li>Thomas Braun (<em>Kassierer<\/em>),<\/li>\n<li>Marcel Cuvelier (<em>Schriftf\u00fchrer<\/em>),<\/li>\n<li><span style=\"color: #0000ff;\">Stefan Dickmeis,<\/span><\/li>\n<li>Arne Gro\u00dfmann,<\/li>\n<li>Volker Hommelsheim,<\/li>\n<li><span style=\"color: #0000ff;\">Rainer Hoven (<em>Vizepr\u00e4sident)<\/em>,<\/span><\/li>\n<li><span style=\"color: #0000ff;\">Frank L\u00fcrken <em>(stellv. Korpsf\u00fchrer)<\/em><span style=\"color: #000000;\">,<\/span><\/span><\/li>\n<li>Christian Meerkatz,<\/li>\n<li><span style=\"color: #0000ff;\">J\u00fcrgen Meurer,<\/span><\/li>\n<li><span style=\"color: #0000ff;\">Ralf Mitzlaff <em>(Korpsf\u00fchrer)<\/em><\/span>,<\/li>\n<li>G\u00fcnter Pesch (<em>Pr\u00e4sident<\/em>),<\/li>\n<li>Philipp R\u00fcttgers (<em>Vorsitzender<\/em>) und<\/li>\n<li>Wolfgang Sch\u00fcller.<\/li>\n<\/ul>\n<p><span style=\"color: #0000ff;\">Farblich markiert<\/span> sind die aktiven Gr\u00fcndungsmitglieder der Reservisten.<br \/>\nAls Ehrenmitglied der Reservisten sei hier noch unser Resi Nummer 14 Michael Dickmeis \u2020 erw\u00e4hnt.<\/p>\n","protected":false},"excerpt":{"rendered":"<p>Das 1. Reservistenkorps der KG Kirchspiel Lohn &#8211; oder wie sie umgangssprachlich auch genannt werden \u201edie Resis\u201c ist ein derzeit zw\u00f6lf Mann starkes Korps, das seit Ihrer Gr\u00fcndung im Jahre 2005 im sch\u00f6nen Kirchspiel Lohn existiert. Am 10. Mai 2005 von elf jungen M\u00e4nnern gegr\u00fcndet, als freiwilligen Zusammenschluss trinkfreudiger Mitbewohner<a href=\"https:\/\/www.kgkirchspiel-lohn.de\/wordpress\/?page_id=54\" class=\"read-more\">Lesen Sie weiter &raquo;<\/a><\/p>\n","protected":false},"author":1,"featured_media":0,"parent":41,"menu_order":70,"comment_status":"closed","ping_status":"closed","template":"fullwidth.php","meta":{"ngg_post_thumbnail":0,"jetpack_post_was_ever_published":false,"_mc_calendar":[],"footnotes":""},"class_list":["post-54","page","type-page","status-publish","hentry"],"jetpack_sharing_enabled":true,"jetpack_shortlink":"https:\/\/wp.me\/P3ZaX1-S","_links":{"self":[{"href":"https:\/\/www.kgkirchspiel-lohn.de\/wordpress\/index.php?rest_route=\/wp\/v2\/pages\/54","targetHints":{"allow":["GET"]}}],"collection":[{"href":"https:\/\/www.kgkirchspiel-lohn.de\/wordpress\/index.php?rest_route=\/wp\/v2\/pages"}],"about":[{"href":"https:\/\/www.kgkirchspiel-lohn.de\/wordpress\/index.php?rest_route=\/wp\/v2\/types\/page"}],"author":[{"embeddable":true,"href":"https:\/\/www.kgkirchspiel-lohn.de\/wordpress\/index.php?rest_route=\/wp\/v2\/users\/1"}],"replies":[{"embeddable":true,"href":"https:\/\/www.kgkirchspiel-lohn.de\/wordpress\/index.php?rest_route=%2Fwp%2Fv2%2Fcomments&post=54"}],"version-history":[{"count":33,"href":"https:\/\/www.kgkirchspiel-lohn.de\/wordpress\/index.php?rest_route=\/wp\/v2\/pages\/54\/revisions"}],"predecessor-version":[{"id":124842,"href":"https:\/\/www.kgkirchspiel-lohn.de\/wordpress\/index.php?rest_route=\/wp\/v2\/pages\/54\/revisions\/124842"}],"up":[{"embeddable":true,"href":"https:\/\/www.kgkirchspiel-lohn.de\/wordpress\/index.php?rest_route=\/wp\/v2\/pages\/41"}],"wp:attachment":[{"href":"https:\/\/www.kgkirchspiel-lohn.de\/wordpress\/index.php?rest_route=%2Fwp%2Fv2%2Fmedia&parent=54"}],"curies":[{"name":"wp","href":"https:\/\/api.w.org\/{rel}","templated":true}]}}