{"id":5439,"date":"2017-06-27T16:23:33","date_gmt":"2017-06-27T14:23:33","guid":{"rendered":"http:\/\/www.kgkirchspiel-lohn.de\/wordpress\/?page_id=5439"},"modified":"2020-01-15T11:10:58","modified_gmt":"2020-01-15T09:10:58","slug":"4-gardekorps","status":"publish","type":"page","link":"https:\/\/www.kgkirchspiel-lohn.de\/wordpress\/?page_id=5439","title":{"rendered":"4. Gardekorps"},"content":{"rendered":"<p><span class=\"s2\">Kurz nach der Session 2016\/2017 gr\u00fcndete sich rund um unseren aktiven Kommandanten J\u00fcrgen&nbsp;<\/span><span class=\"s2\">Sachad\u00e4<\/span><span class=\"s2\">&nbsp;und um unseren ehemaligen Standartentr\u00e4ger <\/span><span class=\"s2\">Markus Zander<\/span><span class=\"s2\">&nbsp;die neue Gruppierung:<\/span><\/p>\n<p>&nbsp;<span class=\"s2\"><em><strong>Das 4. Gardekorps <\/strong><\/em>&#8211; sprich: \u201e<em><strong>die 4te<\/strong><\/em><\/span><span class=\"s2\">\u201c &#8230;.<\/span><\/p>\n<p><span class=\"s2\">&#8230;nat\u00fcrlich in Abstimmung mit dem Vorstand und mit den Mehrheitsstimmen der Uniformiertenversammlung. Als Patenkorps hatte sich &#8222;die 4.&#8220; unser 1.Reservistenkorps ausgesucht.&nbsp;<\/span><\/p>\n<p><span class=\"s2\">Neben der Pflege des traditionellen karnevalistischen Brauchtums hat es sich \u201edie 4te\u201c zur Aufgabe gemacht&nbsp;<\/span>die m\u00e4nnliche Jugend, unsere \u201eJugendgardisten\u201c, zu unterst\u00fctzen und den zurzeit vier- bis zw\u00f6lfj\u00e4hrigen Jungs den&nbsp;<span class=\"s2\">Spa\u00df am Karneval zur vermitteln und zu erhalten. Regelm\u00e4\u00dfige<\/span><span class=\"s2\">&nbsp;<\/span><span class=\"s2\">gemeinsame Aktivit\u00e4ten und der Eigenbau und die Gestaltung eines Unform-Holzgewehres sowie die Bereicherung der zahlreichen Ausm\u00e4rsche und eigenen Veranstaltungen analog zu den gro\u00dfen Uniformierten sind geplant.<\/span><\/p>\n<p><span class=\"s2\">\u201eDie 4te\u201c trifft sich regelm\u00e4\u00dfig und unterst\u00fctzt den Verein in allen Belangen tatkr\u00e4ftig.<\/span><\/p>\n<p><span class=\"s2\">Karnevalsfreunde aus Neu-Lohn \/&nbsp;<\/span><span class=\"s2\">Fronhoven<\/span><span class=\"s2\">&nbsp;und aus dem nahen Umland sind willkommen bei uns reinzuschnuppern. Sowohl bei den Gro\u00dfen der 4ten, als auch bei den Jugendgardisten, die von der 4ten unterst\u00fctzt werden.<\/span><\/p>\n<p>ngg_shortcode_0_placeholder<span class=\"s2\"><strong>Die aktuelle Besetzung des 4. Gardekorps <\/strong>(in alphabetischer Reihenfolge)<strong>:<\/strong><\/span><\/p>\n<ul>\n<li><span style=\"color: #0000ff;\">Thomas Hoven,<\/span><\/li>\n<li><span style=\"color: #0000ff;\">Andreas Krau\u00df,<\/span><\/li>\n<li><span style=\"color: #0000ff;\">Norbert Rams (<em>Korpsf\u00fchrer<\/em>),<\/span><\/li>\n<li><span style=\"color: #0000ff;\">J\u00fcrgen Sachad\u00e4 (<em>Kommandant<\/em>) und<\/span><\/li>\n<li><span style=\"color: #0000ff;\">Markus Zander<\/span><\/li>\n<\/ul>\n<p><span class=\"s2\"><span style=\"color: #0000ff;\">Farblich markiert<\/span> sind die aktiven Gr\u00fcndungsmitglieder des 4. Gardekorps.<\/span><\/p>\n","protected":false},"excerpt":{"rendered":"<p>Kurz nach der Session 2016\/2017 gr\u00fcndete sich rund um unseren aktiven Kommandanten J\u00fcrgen&nbsp;Sachad\u00e4&nbsp;und um unseren ehemaligen Standartentr\u00e4ger Markus Zander&nbsp;die neue Gruppierung: &nbsp;Das 4. Gardekorps &#8211; sprich: \u201edie 4te\u201c &#8230;. &#8230;nat\u00fcrlich in Abstimmung mit dem Vorstand und mit den Mehrheitsstimmen der Uniformiertenversammlung. Als Patenkorps hatte sich &#8222;die 4.&#8220; unser 1.Reservistenkorps ausgesucht.&nbsp;<a href=\"https:\/\/www.kgkirchspiel-lohn.de\/wordpress\/?page_id=5439\" class=\"read-more\">Lesen Sie weiter &raquo;<\/a><\/p>\n","protected":false},"author":2,"featured_media":5444,"parent":41,"menu_order":75,"comment_status":"closed","ping_status":"closed","template":"fullwidth.php","meta":{"ngg_post_thumbnail":0,"jetpack_post_was_ever_published":false,"_mc_calendar":[],"footnotes":""},"class_list":["post-5439","page","type-page","status-publish","has-post-thumbnail","hentry"],"jetpack_sharing_enabled":true,"jetpack_shortlink":"https:\/\/wp.me\/P3ZaX1-1pJ","_links":{"self":[{"href":"https:\/\/www.kgkirchspiel-lohn.de\/wordpress\/index.php?rest_route=\/wp\/v2\/pages\/5439","targetHints":{"allow":["GET"]}}],"collection":[{"href":"https:\/\/www.kgkirchspiel-lohn.de\/wordpress\/index.php?rest_route=\/wp\/v2\/pages"}],"about":[{"href":"https:\/\/www.kgkirchspiel-lohn.de\/wordpress\/index.php?rest_route=\/wp\/v2\/types\/page"}],"author":[{"embeddable":true,"href":"https:\/\/www.kgkirchspiel-lohn.de\/wordpress\/index.php?rest_route=\/wp\/v2\/users\/2"}],"replies":[{"embeddable":true,"href":"https:\/\/www.kgkirchspiel-lohn.de\/wordpress\/index.php?rest_route=%2Fwp%2Fv2%2Fcomments&post=5439"}],"version-history":[{"count":7,"href":"https:\/\/www.kgkirchspiel-lohn.de\/wordpress\/index.php?rest_route=\/wp\/v2\/pages\/5439\/revisions"}],"predecessor-version":[{"id":124845,"href":"https:\/\/www.kgkirchspiel-lohn.de\/wordpress\/index.php?rest_route=\/wp\/v2\/pages\/5439\/revisions\/124845"}],"up":[{"embeddable":true,"href":"https:\/\/www.kgkirchspiel-lohn.de\/wordpress\/index.php?rest_route=\/wp\/v2\/pages\/41"}],"wp:featuredmedia":[{"embeddable":true,"href":"https:\/\/www.kgkirchspiel-lohn.de\/wordpress\/index.php?rest_route=\/wp\/v2\/media\/5444"}],"wp:attachment":[{"href":"https:\/\/www.kgkirchspiel-lohn.de\/wordpress\/index.php?rest_route=%2Fwp%2Fv2%2Fmedia&parent=5439"}],"curies":[{"name":"wp","href":"https:\/\/api.w.org\/{rel}","templated":true}]}}